{"id":7218,"date":"2025-05-16T09:10:08","date_gmt":"2025-05-16T01:10:08","guid":{"rendered":"https:\/\/www.lihotw.com\/chinh-sach-bao-mat\/"},"modified":"2025-08-27T17:41:28","modified_gmt":"2025-08-27T09:41:28","slug":"chinh-sach-bao-mat","status":"publish","type":"page","link":"https:\/\/www.lihotw.com\/vi\/chinh-sach-bao-mat\/","title":{"rendered":"Ch\u00ednh s\u00e1ch b\u1ea3o m\u1eadt"},"content":{"rendered":"<div class=\"fusion-fullwidth fullwidth-box fusion-builder-row-1 fusion-flex-container has-pattern-background has-mask-background nonhundred-percent-fullwidth non-hundred-percent-height-scrolling\" style=\"--awb-border-sizes-top:1px;--awb-border-color:var(--awb-color6);--awb-border-radius-top-left:0px;--awb-border-radius-top-right:0px;--awb-border-radius-bottom-right:0px;--awb-border-radius-bottom-left:0px;--awb-padding-top:50px;--awb-padding-bottom:50px;--awb-margin-top:0px;--awb-margin-bottom:50px;--awb-flex-wrap:wrap;\" ><div class=\"fusion-builder-row fusion-row fusion-flex-align-items-flex-start fusion-flex-justify-content-center fusion-flex-content-wrap\" style=\"max-width:1216.8px;margin-left: calc(-4% \/ 2 );margin-right: calc(-4% \/ 2 );\"><div class=\"fusion-layout-column fusion_builder_column fusion-builder-column-0 fusion_builder_column_4_5 4_5 fusion-flex-column\" style=\"--awb-bg-size:cover;--awb-width-large:80%;--awb-margin-top-large:0px;--awb-spacing-right-large:2.4%;--awb-margin-bottom-large:0px;--awb-spacing-left-large:2.4%;--awb-width-medium:100%;--awb-spacing-right-medium:1.92%;--awb-spacing-left-medium:1.92%;--awb-width-small:100%;--awb-spacing-right-small:1.92%;--awb-spacing-left-small:1.92%;\"><div class=\"fusion-column-wrapper fusion-flex-justify-content-flex-start fusion-content-layout-column\"><div class=\"fusion-text fusion-text-1\" style=\"--awb-content-alignment:justify;\"><h3 style=\"color: #e5192e; line-height: 1.5em;\">LIHO<\/h3>\n<p style=\"color: #333; line-height: 1.5em;\">Trang web c\u1ee7a LIHO l\u00e0 http:\/\/www.lihotw.com\u3002<\/p>\n<h3 style=\"color: #e5192e; line-height: 1.5em;\">B\u00ecnh lu\u1eadn<\/h3>\n<p style=\"color: #333; line-height: 1.5em;\">Khi ng\u01b0\u1eddi d\u00f9ng \u0111\u0103ng b\u00ecnh lu\u1eadn tr\u00ean trang web n\u00e0y, ch\u00fang t\u00f4i thu th\u1eadp th\u00f4ng tin hi\u1ec3n th\u1ecb trong bi\u1ec3u m\u1eabu b\u00ecnh lu\u1eadn, \u0111\u1ecba ch\u1ec9 IP ngu\u1ed3n c\u1ee7a ng\u01b0\u1eddi d\u00f9ng v\u00e0 chu\u1ed7i t\u00e1c nh\u00e2n ng\u01b0\u1eddi d\u00f9ng c\u1ee7a tr\u00ecnh duy\u1ec7t \u0111\u1ec3 gi\u00fap trang web ph\u00e1t hi\u1ec7n th\u01b0 r\u00e1c.<\/p>\n<p style=\"color: #333; line-height: 1.5em;\">Trang web n\u00e0y t\u1ea1o m\u1ed9t chu\u1ed7i \u1ea9n danh (\u0111\u01b0\u1ee3c g\u1ecdi l\u00e0 <strong>\u96dc\u6e4a\u503c<\/strong>)\uff0cd\u1ef1a tr\u00ean \u0111\u1ecba ch\u1ec9 email c\u1ee7a ng\u01b0\u1eddi d\u00f9ng v\u00e0 cung c\u1ea5p cho d\u1ecbch v\u1ee5 \u1ea3nh \u0111\u1ea1i di\u1ec7n Gravatar \u0111\u1ec3 x\u00e1c minh xem ng\u01b0\u1eddi d\u00f9ng c\u00f3 ph\u1ea3i l\u00e0 ng\u01b0\u1eddi d\u00f9ng d\u1ecbch v\u1ee5 n\u00e0y hay kh\u00f4ng. \u0110\u1ec3 bi\u1ebft th\u00eam th\u00f4ng tin v\u1ec1 ch\u00ednh s\u00e1ch b\u1ea3o m\u1eadt c\u1ee7a d\u1ecbch v\u1ee5 \u1ea3nh \u0111\u1ea1i di\u1ec7n Gravatar, vui l\u00f2ng truy c\u1eadp <a title=\"Ch\u00ednh s\u00e1ch b\u1ea3o m\u1eadt c\u1ee7a Automattic\" href=\"https:\/\/automattic.com\/privacy\/\" target=\"_blank\" rel=\"noopener\">https:\/\/automattic.com\/privacy\/<\/a>\u3002Sau khi qu\u1ea3n tr\u1ecb vi\u00ean trang web ch\u1ea5p thu\u1eadn b\u00e0i \u0111\u0103ng c\u1ee7a ng\u01b0\u1eddi d\u00f9ng, \u1ea3nh \u0111\u1ea1i di\u1ec7n c\u1ee7a ng\u01b0\u1eddi d\u00f9ng s\u1ebd \u0111\u01b0\u1ee3c hi\u1ec3n th\u1ecb c\u00f4ng khai trong b\u00e0i \u0111\u0103ng.<\/p>\n<h3 style=\"color: #e5192e; line-height: 1.5em;\">Truy\u1ec1n th\u00f4ng<\/h3>\n<p style=\"color: #333; line-height: 1.5em;\">N\u1ebfu c\u1ea7n t\u1ea3i h\u00ecnh \u1ea3nh l\u00ean trang web n\u00e0y, vui l\u00f2ng tr\u00e1nh t\u1ea3i nh\u1eefng h\u00ecnh \u1ea3nh c\u00f3 d\u1eef li\u1ec7u v\u1ecb tr\u00ed GPS nh\u00fang trong EXIF, v\u00ec ng\u01b0\u1eddi kh\u00e1c c\u00f3 th\u1ec3 t\u1ea3i h\u00ecnh \u1ea3nh t\u1eeb trang web v\u00e0 tr\u00edch xu\u1ea5t th\u00f4ng tin v\u1ecb tr\u00ed t\u1eeb \u0111\u00f3.<\/p>\n<h3 style=\"color: #e5192e; line-height: 1.5em;\">Cookie<\/h3>\n<p style=\"color: #333; line-height: 1.5em;\">Khi ng\u01b0\u1eddi d\u00f9ng \u0111\u0103ng b\u00ecnh lu\u1eadn tr\u00ean trang web n\u00e0y, h\u1ecd c\u00f3 th\u1ec3 ch\u1ecdn l\u01b0u tr\u1eef t\u00ean, \u0111\u1ecba ch\u1ec9 email v\u00e0 URL trang web c\u1ee7a m\u00ecnh trong cookie. Th\u00f4ng tin n\u00e0y \u0111\u01b0\u1ee3c l\u01b0u tr\u1eef \u0111\u1ec3 thu\u1eadn ti\u1ec7n cho ng\u01b0\u1eddi d\u00f9ng, cho ph\u00e9p h\u1ecd \u0111\u0103ng th\u00eam b\u00ecnh lu\u1eadn m\u00e0 kh\u00f4ng c\u1ea7n ph\u1ea3i nh\u1eadp l\u1ea1i th\u00f4ng tin c\u00e1 nh\u00e2n. Nh\u1eefng cookie n\u00e0y s\u1ebd l\u01b0u tr\u00ean thi\u1ebft b\u1ecb c\u1ee7a ng\u01b0\u1eddi d\u00f9ng trong m\u1ed9t n\u0103m tr\u1eeb khi h\u1ecd x\u00f3a cookie thi\u1ebft b\u1ecb.<\/p>\n<p style=\"color: #333; line-height: 1.5em;\">N\u1ebfu ng\u01b0\u1eddi d\u00f9ng truy c\u1eadp trang \u0111\u0103ng nh\u1eadp c\u1ee7a trang web n\u00e0y, m\u1ed9t cookie t\u1ea1m th\u1eddi s\u1ebd \u0111\u01b0\u1ee3c \u0111\u1eb7t \u0111\u1ec3 x\u00e1c \u0111\u1ecbnh xem tr\u00ecnh duy\u1ec7t c\u1ee7a ng\u01b0\u1eddi d\u00f9ng c\u00f3 ch\u1ea5p nh\u1eadn cookie hay kh\u00f4ng. Cookie n\u00e0y kh\u00f4ng ch\u1ee9a b\u1ea5t k\u1ef3 th\u00f4ng tin c\u00e1 nh\u00e2n n\u00e0o v\u00e0 s\u1ebd b\u1ecb x\u00f3a khi ng\u01b0\u1eddi d\u00f9ng \u0111\u00f3ng tr\u00ecnh duy\u1ec7t.<\/p>\n<p style=\"color: #333; line-height: 1.5em;\">Sau khi ng\u01b0\u1eddi d\u00f9ng \u0111\u0103ng nh\u1eadp v\u00e0o trang web, m\u1ed9t s\u1ed1 cookie s\u1ebd \u0111\u01b0\u1ee3c \u0111\u1eb7t \u0111\u1ec3 l\u01b0u tr\u1eef th\u00f4ng tin \u0111\u0103ng nh\u1eadp v\u00e0 c\u00e0i \u0111\u1eb7t hi\u1ec3n th\u1ecb c\u1ee7a h\u1ecd. Cookie th\u00f4ng tin \u0111\u0103ng nh\u1eadp t\u1ed3n t\u1ea1i trong hai ng\u00e0y, trong khi cookie c\u00e0i \u0111\u1eb7t hi\u1ec3n th\u1ecb t\u1ed3n t\u1ea1i trong m\u1ed9t n\u0103m. N\u1ebfu t\u00f9y ch\u1ecdn &#8220;Gi\u1eef tr\u1ea1ng th\u00e1i \u0111\u0103ng nh\u1eadp&#8221; \u0111\u01b0\u1ee3c ch\u1ecdn trong khi \u0111\u0103ng nh\u1eadp, tr\u1ea1ng th\u00e1i \u0111\u0103ng nh\u1eadp c\u1ee7a ng\u01b0\u1eddi d\u00f9ng s\u1ebd \u0111\u01b0\u1ee3c duy tr\u00ec trong hai tu\u1ea7n. Th\u00f4ng tin \u0111\u0103ng nh\u1eadp v\u00e0 cookie s\u1ebd b\u1ecb x\u00f3a kh\u1ecfi thi\u1ebft b\u1ecb c\u1ee7a ng\u01b0\u1eddi d\u00f9ng khi \u0111\u0103ng xu\u1ea5t.<\/p>\n<p style=\"color: #333; line-height: 1.5em;\">C\u00e1c cookie b\u1ed5 sung \u0111\u01b0\u1ee3c l\u01b0u tr\u1eef trong tr\u00ecnh duy\u1ec7t khi ng\u01b0\u1eddi d\u00f9ng ch\u1ec9nh s\u1eeda ho\u1eb7c \u0111\u0103ng b\u00e0i vi\u1ebft. Cookie n\u00e0y kh\u00f4ng ch\u1ee9a b\u1ea5t k\u1ef3 th\u00f4ng tin c\u00e1 nh\u00e2n n\u00e0o; N\u00f3 ch\u1ec9 ghi l\u1ea1i ID b\u00e0i vi\u1ebft cho b\u00e0i vi\u1ebft do ng\u01b0\u1eddi d\u00f9ng t\u1ea1o v\u00e0 h\u1ebft h\u1ea1n sau m\u1ed9t ng\u00e0y.<\/p>\n<h3 style=\"color: #e5192e; line-height: 1.5em;\">N\u1ed9i dung nh\u00fang t\u1eeb c\u00e1c trang web c\u1ee7a b\u00ean th\u1ee9 3<\/h3>\n<p style=\"color: #333; line-height: 1.5em;\">C\u00e1c b\u00e0i vi\u1ebft tr\u00ean trang web n\u00e0y c\u00f3 th\u1ec3 nh\u00fang video, h\u00ecnh \u1ea3nh, b\u00e0i vi\u1ebft v\u00e0 n\u1ed9i dung kh\u00e1c. N\u1ed9i dung \u0111\u01b0\u1ee3c nh\u00fang t\u1eeb c\u00e1c trang web c\u1ee7a b\u00ean th\u1ee9 ba kh\u00f4ng \u0111\u01b0\u1ee3c b\u1ea3o v\u1ec7 b\u1edfi ch\u00ednh s\u00e1ch b\u1ea3o v\u1ec7 quy\u1ec1n ri\u00eang t\u01b0.<\/p>\n<p style=\"color: #333; line-height: 1.5em;\">B\u1ea5t k\u1ec3 ng\u01b0\u1eddi d\u00f9ng c\u00f3 t\u00e0i kho\u1ea3n tr\u00ean c\u00e1c trang web c\u1ee7a b\u00ean th\u1ee9 ba n\u00e0y hay \u0111\u00e3 \u0111\u0103ng nh\u1eadp, h\u1ecd \u0111\u1ec1u thu th\u1eadp th\u00f4ng tin v\u1ec1 ng\u01b0\u1eddi d\u00f9ng th\u00f4ng qua nhi\u1ec1u ph\u01b0\u01a1ng ti\u1ec7n kh\u00e1c nhau, ch\u1eb3ng h\u1ea1n nh\u01b0 cookie, nh\u00fang m\u00e3 theo d\u00f5i c\u1ee7a b\u00ean th\u1ee9 ba v\u00e0 theo d\u00f5i t\u01b0\u01a1ng t\u00e1c c\u1ee7a ng\u01b0\u1eddi d\u00f9ng v\u1edbi n\u1ed9i dung \u0111\u01b0\u1ee3c nh\u00fang.<\/p>\n<h3 style=\"color: #e5192e; line-height: 1.5em;\">B\u1ea1n chia s\u1ebb th\u00f4ng tin c\u00e1 nh\u00e2n c\u1ee7a b\u1ea1n v\u1edbi ai?<\/h3>\n<p style=\"color: #333; line-height: 1.5em;\">N\u1ebfu b\u1ea1n y\u00eau c\u1ea7u \u0111\u1eb7t l\u1ea1i m\u1eadt kh\u1ea9u, \u0111\u1ecba ch\u1ec9 IP hi\u1ec7n t\u1ea1i c\u1ee7a b\u1ea1n s\u1ebd \u0111\u01b0\u1ee3c hi\u1ec3n th\u1ecb trong email \u0111\u1eb7t l\u1ea1i m\u1eadt kh\u1ea9u.<\/p>\n<h3 style=\"color: #e5192e; line-height: 1.5em;\">Th\u1eddi gian b\u1ea3o l\u01b0u th\u00f4ng tin c\u00e1 nh\u00e2n<\/h3>\n<p style=\"color: #333; line-height: 1.5em;\">Sau khi ng\u01b0\u1eddi d\u00f9ng \u0111\u0103ng b\u00ecnh lu\u1eadn tr\u00ean trang web n\u00e0y, b\u00ecnh lu\u1eadn v\u00e0 si\u00eau d\u1eef li\u1ec7u c\u1ee7a b\u00ecnh lu\u1eadn \u0111\u00f3 s\u1ebd \u0111\u01b0\u1ee3c l\u01b0u gi\u1eef v\u00f4 th\u1eddi h\u1ea1n. \u0110i\u1ec1u n\u00e0y cho ph\u00e9p h\u1ec7 th\u1ed1ng t\u1ef1 \u0111\u1ed9ng x\u00e1c \u0111\u1ecbnh v\u00e0 ph\u00ea duy\u1ec7t b\u1ea5t k\u1ef3 b\u00ecnh lu\u1eadn n\u00e0o sau \u0111\u00f3 m\u00e0 kh\u00f4ng c\u1ea7n ph\u1ea3i ch\u1edd x\u00e9t duy\u1ec7t.<\/p>\n<p style=\"color: #333; line-height: 1.5em;\">\u0110\u1ed1i v\u1edbi ng\u01b0\u1eddi d\u00f9ng \u0111\u0103ng k\u00fd tr\u00ean trang web n\u00e0y, trang web c\u0169ng l\u01b0u tr\u1eef th\u00f4ng tin c\u00e1 nh\u00e2n m\u00e0 h\u1ecd cung c\u1ea5p tr\u00ean trang h\u1ed3 s\u01a1 ng\u01b0\u1eddi d\u00f9ng. T\u1ea5t c\u1ea3 ng\u01b0\u1eddi d\u00f9ng c\u00f3 th\u1ec3 xem, ch\u1ec9nh s\u1eeda ho\u1eb7c x\u00f3a th\u00f4ng tin c\u00e1 nh\u00e2n c\u1ee7a h\u1ecd b\u1ea5t k\u1ef3 l\u00fac n\u00e0o (ngo\u1ea1i tr\u1eeb t\u00ean ng\u01b0\u1eddi d\u00f9ng, kh\u00f4ng th\u1ec3 thay \u0111\u1ed5i). Xin l\u01b0u \u00fd r\u1eb1ng qu\u1ea3n tr\u1ecb vi\u00ean trang web c\u0169ng c\u00f3 th\u1ec3 xem v\u00e0 ch\u1ec9nh s\u1eeda th\u00f4ng tin c\u00e1 nh\u00e2n n\u00e0y.<\/p>\n<h3 style=\"color: #e5192e; line-height: 1.5em;\">Ng\u01b0\u1eddi d\u00f9ng c\u00f3 nh\u1eefng quy\u1ec1n g\u00ec \u0111\u1ed1i v\u1edbi th\u00f4ng tin c\u00e1 nh\u00e2n c\u1ee7a h\u1ecd ?<\/h3>\n<p style=\"color: #333; line-height: 1.5em;\">N\u1ebfu b\u1ea1n c\u00f3 t\u00e0i kho\u1ea3n tr\u00ean trang web n\u00e0y ho\u1eb7c \u0111\u00e3 \u0111\u0103ng b\u00ecnh lu\u1eadn, b\u1ea1n c\u00f3 th\u1ec3 y\u00eau c\u1ea7u t\u1ea3i xu\u1ed1ng t\u1ec7p th\u00f4ng tin c\u00e1 nh\u00e2n \u0111\u00e3 xu\u1ea5t c\u1ee7a m\u00ecnh tr\u00ean trang web n\u00e0y. T\u1ec7p n\u00e0y ch\u1ee9a t\u1ea5t c\u1ea3 th\u00f4ng tin c\u00e1 nh\u00e2n b\u1ea1n \u0111\u00e3 cung c\u1ea5p cho trang web n\u00e0y. B\u1ea1n c\u0169ng c\u00f3 th\u1ec3 y\u00eau c\u1ea7u x\u00f3a t\u1ea5t c\u1ea3 th\u00f4ng tin c\u00e1 nh\u00e2n c\u1ee7a m\u00ecnh, nh\u01b0ng \u0111i\u1ec1u n\u00e0y kh\u00f4ng bao g\u1ed3m b\u1ea5t k\u1ef3 th\u00f4ng tin n\u00e0o ch\u00fang t\u00f4i b\u1eaft bu\u1ed9c ph\u1ea3i l\u01b0u gi\u1eef cho m\u1ee5c \u0111\u00edch h\u00e0nh ch\u00ednh, ph\u00e1p l\u00fd ho\u1eb7c b\u1ea3o m\u1eadt.<\/p>\n<h3 style=\"color: #e5192e; line-height: 1.5em;\">Th\u00f4ng tin c\u1ee7a b\u1ea1n \u0111\u01b0\u1ee3c chuy\u1ec3n \u0111\u1ebfn \u0111\u00e2u?<\/h3>\n<p style=\"color: #333; line-height: 1.5em;\">D\u1eef li\u1ec7u b\u00ecnh lu\u1eadn c\u1ee7a ng\u01b0\u1eddi d\u00f9ng \u0111\u01b0\u1ee3c g\u1eedi \u0111\u1ebfn d\u1ecbch v\u1ee5 ph\u00e1t hi\u1ec7n th\u01b0 r\u00e1c t\u1ef1 \u0111\u1ed9ng \u0111\u1ec3 xem x\u00e9t.<\/p>\n<\/div><\/div><\/div><\/div><\/div>\n","protected":false},"excerpt":{"rendered":"","protected":false},"author":1,"featured_media":0,"parent":0,"menu_order":0,"comment_status":"closed","ping_status":"open","template":"","meta":{"_acf_changed":false,"footnotes":""},"class_list":["post-7218","page","type-page","status-publish","hentry"],"acf":[],"yoast_head":"<!-- This site is optimized with the Yoast SEO plugin v25.2 - https:\/\/yoast.com\/wordpress\/plugins\/seo\/ -->\n<title>Ch\u00ednh s\u00e1ch b\u1ea3o m\u1eadt - LIHO<\/title>\n<meta name=\"robots\" content=\"index, follow, max-snippet:-1, max-image-preview:large, max-video-preview:-1\" \/>\n<link rel=\"canonical\" href=\"https:\/\/www.lihotw.com\/vi\/chinh-sach-bao-mat\/\" \/>\n<meta property=\"og:locale\" content=\"vi_VN\" \/>\n<meta property=\"og:type\" content=\"article\" \/>\n<meta property=\"og:title\" content=\"Ch\u00ednh s\u00e1ch b\u1ea3o m\u1eadt - LIHO\" \/>\n<meta property=\"og:url\" content=\"https:\/\/www.lihotw.com\/vi\/chinh-sach-bao-mat\/\" \/>\n<meta property=\"og:site_name\" content=\"LIHO\" \/>\n<meta property=\"article:modified_time\" content=\"2025-08-27T09:41:28+00:00\" \/>\n<meta name=\"twitter:card\" content=\"summary_large_image\" \/>\n<meta name=\"twitter:label1\" content=\"Est. reading time\" \/>\n\t<meta name=\"twitter:data1\" content=\"10 minutes\" \/>\n<script type=\"application\/ld+json\" class=\"yoast-schema-graph\">{\"@context\":\"https:\/\/schema.org\",\"@graph\":[{\"@type\":\"WebPage\",\"@id\":\"https:\/\/www.lihotw.com\/vi\/chinh-sach-bao-mat\/\",\"url\":\"https:\/\/www.lihotw.com\/vi\/chinh-sach-bao-mat\/\",\"name\":\"Ch\u00ednh s\u00e1ch b\u1ea3o m\u1eadt - LIHO\",\"isPartOf\":{\"@id\":\"https:\/\/www.lihotw.com\/vi\/#website\"},\"datePublished\":\"2025-05-16T01:10:08+00:00\",\"dateModified\":\"2025-08-27T09:41:28+00:00\",\"breadcrumb\":{\"@id\":\"https:\/\/www.lihotw.com\/vi\/chinh-sach-bao-mat\/#breadcrumb\"},\"inLanguage\":\"vi-VN\",\"potentialAction\":[{\"@type\":\"ReadAction\",\"target\":[\"https:\/\/www.lihotw.com\/vi\/chinh-sach-bao-mat\/\"]}]},{\"@type\":\"BreadcrumbList\",\"@id\":\"https:\/\/www.lihotw.com\/vi\/chinh-sach-bao-mat\/#breadcrumb\",\"itemListElement\":[{\"@type\":\"ListItem\",\"position\":1,\"name\":\"\u9996\u9801\",\"item\":\"https:\/\/www.lihotw.com\/vi\/liho-vi\/\"},{\"@type\":\"ListItem\",\"position\":2,\"name\":\"Ch\u00ednh s\u00e1ch b\u1ea3o m\u1eadt\"}]},{\"@type\":\"WebSite\",\"@id\":\"https:\/\/www.lihotw.com\/vi\/#website\",\"url\":\"https:\/\/www.lihotw.com\/vi\/\",\"name\":\"LIHO\",\"description\":\"LiHO TV \u662f\u5168\u53f0\u9996\u5275\u4ee5\u300c\u65b0\u4f4f\u6c11\u8207\u79fb\u5de5\u300d\u70ba\u6838\u5fc3\u53d7\u773e\u7684 AI \u591a\u8a9e\u7db2\u8def\u96fb\u8996\u5e73\u53f0\",\"potentialAction\":[{\"@type\":\"SearchAction\",\"target\":{\"@type\":\"EntryPoint\",\"urlTemplate\":\"https:\/\/www.lihotw.com\/vi\/?s={search_term_string}\"},\"query-input\":{\"@type\":\"PropertyValueSpecification\",\"valueRequired\":true,\"valueName\":\"search_term_string\"}}],\"inLanguage\":\"vi-VN\"}]}<\/script>\n<!-- \/ Yoast SEO plugin. -->","yoast_head_json":{"title":"Ch\u00ednh s\u00e1ch b\u1ea3o m\u1eadt - LIHO","robots":{"index":"index","follow":"follow","max-snippet":"max-snippet:-1","max-image-preview":"max-image-preview:large","max-video-preview":"max-video-preview:-1"},"canonical":"https:\/\/www.lihotw.com\/vi\/chinh-sach-bao-mat\/","og_locale":"vi_VN","og_type":"article","og_title":"Ch\u00ednh s\u00e1ch b\u1ea3o m\u1eadt - LIHO","og_url":"https:\/\/www.lihotw.com\/vi\/chinh-sach-bao-mat\/","og_site_name":"LIHO","article_modified_time":"2025-08-27T09:41:28+00:00","twitter_card":"summary_large_image","twitter_misc":{"Est. reading time":"10 minutes"},"schema":{"@context":"https:\/\/schema.org","@graph":[{"@type":"WebPage","@id":"https:\/\/www.lihotw.com\/vi\/chinh-sach-bao-mat\/","url":"https:\/\/www.lihotw.com\/vi\/chinh-sach-bao-mat\/","name":"Ch\u00ednh s\u00e1ch b\u1ea3o m\u1eadt - LIHO","isPartOf":{"@id":"https:\/\/www.lihotw.com\/vi\/#website"},"datePublished":"2025-05-16T01:10:08+00:00","dateModified":"2025-08-27T09:41:28+00:00","breadcrumb":{"@id":"https:\/\/www.lihotw.com\/vi\/chinh-sach-bao-mat\/#breadcrumb"},"inLanguage":"vi-VN","potentialAction":[{"@type":"ReadAction","target":["https:\/\/www.lihotw.com\/vi\/chinh-sach-bao-mat\/"]}]},{"@type":"BreadcrumbList","@id":"https:\/\/www.lihotw.com\/vi\/chinh-sach-bao-mat\/#breadcrumb","itemListElement":[{"@type":"ListItem","position":1,"name":"\u9996\u9801","item":"https:\/\/www.lihotw.com\/vi\/liho-vi\/"},{"@type":"ListItem","position":2,"name":"Ch\u00ednh s\u00e1ch b\u1ea3o m\u1eadt"}]},{"@type":"WebSite","@id":"https:\/\/www.lihotw.com\/vi\/#website","url":"https:\/\/www.lihotw.com\/vi\/","name":"LIHO","description":"LiHO TV \u662f\u5168\u53f0\u9996\u5275\u4ee5\u300c\u65b0\u4f4f\u6c11\u8207\u79fb\u5de5\u300d\u70ba\u6838\u5fc3\u53d7\u773e\u7684 AI \u591a\u8a9e\u7db2\u8def\u96fb\u8996\u5e73\u53f0","potentialAction":[{"@type":"SearchAction","target":{"@type":"EntryPoint","urlTemplate":"https:\/\/www.lihotw.com\/vi\/?s={search_term_string}"},"query-input":{"@type":"PropertyValueSpecification","valueRequired":true,"valueName":"search_term_string"}}],"inLanguage":"vi-VN"}]}},"_links":{"self":[{"href":"https:\/\/www.lihotw.com\/vi\/wp-json\/wp\/v2\/pages\/7218","targetHints":{"allow":["GET"]}}],"collection":[{"href":"https:\/\/www.lihotw.com\/vi\/wp-json\/wp\/v2\/pages"}],"about":[{"href":"https:\/\/www.lihotw.com\/vi\/wp-json\/wp\/v2\/types\/page"}],"author":[{"embeddable":true,"href":"https:\/\/www.lihotw.com\/vi\/wp-json\/wp\/v2\/users\/1"}],"replies":[{"embeddable":true,"href":"https:\/\/www.lihotw.com\/vi\/wp-json\/wp\/v2\/comments?post=7218"}],"version-history":[{"count":0,"href":"https:\/\/www.lihotw.com\/vi\/wp-json\/wp\/v2\/pages\/7218\/revisions"}],"wp:attachment":[{"href":"https:\/\/www.lihotw.com\/vi\/wp-json\/wp\/v2\/media?parent=7218"}],"curies":[{"name":"wp","href":"https:\/\/api.w.org\/{rel}","templated":true}]}}